{"id":1323,"date":"2022-09-15T11:24:28","date_gmt":"2022-09-15T11:24:28","guid":{"rendered":"https:\/\/ecole-eccam.clicetcom.fr\/?page_id=1323"},"modified":"2022-09-16T14:45:17","modified_gmt":"2022-09-16T14:45:17","slug":"apprentissage","status":"publish","type":"page","link":"https:\/\/ecole-eccam.clicetcom.fr\/?page_id=1323","title":{"rendered":"Apprentissage"},"content":{"rendered":"<h1>Apprentissage<\/h1>\n<div>\n<p>Avec ECCAM passez votre code de la route facilement et rapidement gr\u00e2ce \u00e0 un suivi personnalis\u00e9. <span>Lorem ipsum dolor sit amet, consectetur adipiscing elit, sed do eiusmod tempor incididunt ut labore et dolore magna aliqua.<\/span><\/p>\n<\/div>\n<p><img decoding=\"async\" src=\"\/wp-content\/uploads\/2022\/09\/eccam-bureau.png\" alt=\"\"><br \/>\n<img decoding=\"async\" src=\"\/wp-content\/uploads\/2022\/09\/parcours-moto.png\" alt=\"\"><\/p>\n<h1>Apprentissage Moto<\/h1>\n<div>\n<p>Avec ECCAM passez votre code de la route facilement et rapidement gr\u00e2ce \u00e0 un suivi personnalis\u00e9. <span>Lorem ipsum dolor sit amet, consectetur adipiscing elit, sed do eiusmod tempor incididunt ut labore et dolore magna aliqua.<\/span><\/p>\n<\/div>\n<p><!--more--><br \/>\n<!-- {\"type\":\"layout\",\"children\":[{\"type\":\"section\",\"props\":{\"style\":\"default\",\"width\":\"default\",\"vertical_align\":\"middle\",\"title_position\":\"top-left\",\"title_rotation\":\"left\",\"title_breakpoint\":\"xl\",\"image_position\":\"top-center\",\"image\":\"\",\"image_height\":\"3000\"},\"children\":[{\"type\":\"row\",\"props\":{\"layout\":\"1-2,1-2\"},\"children\":[{\"type\":\"column\",\"props\":{\"position_sticky_breakpoint\":\"m\",\"image_position\":\"center-center\",\"media_overlay_gradient\":\"\",\"width_medium\":\"1-2\"},\"children\":[{\"type\":\"headline\",\"props\":{\"title_element\":\"h1\",\"content\":\"Apprentissage\",\"title_font_family\":\"secondary\",\"title_color\":\"primary\"}},{\"type\":\"text\",\"props\":{\"margin\":\"default\",\"column_breakpoint\":\"m\",\"content\":\"\n\n<p>Avec ECCAM passez votre code de la route facilement et rapidement gr\\u00e2ce \\u00e0 un suivi personnalis\\u00e9. <span>Lorem ipsum dolor sit amet, consectetur adipiscing elit, sed do eiusmod tempor incididunt ut labore et dolore magna aliqua.<\\\/span><\\\/p>\"}}]},{\"type\":\"column\",\"props\":{\"position_sticky_breakpoint\":\"m\",\"image_position\":\"center-center\",\"media_overlay_gradient\":\"\",\"width_medium\":\"1-2\"},\"children\":[{\"type\":\"image\",\"props\":{\"margin\":\"default\",\"image_svg_color\":\"emphasis\",\"image\":\"wp-content\\\/uploads\\\/2022\\\/09\\\/eccam-bureau.png\",\"image_box_decoration\":\"primary\"}}]}]}]},{\"type\":\"section\",\"props\":{\"style\":\"default\",\"width\":\"small\",\"vertical_align\":\"middle\",\"title_position\":\"top-left\",\"title_rotation\":\"left\",\"title_breakpoint\":\"xl\",\"image_position\":\"center-center\"},\"children\":[{\"type\":\"row\",\"props\":{\"layout\":\"1-2,1-2\"},\"children\":[{\"type\":\"column\",\"props\":{\"position_sticky_breakpoint\":\"m\",\"image_position\":\"center-center\",\"media_overlay_gradient\":\"\",\"width_medium\":\"1-2\"},\"children\":[{\"type\":\"image\",\"props\":{\"margin\":\"default\",\"image_svg_color\":\"secondary\",\"image\":\"wp-content\\\/uploads\\\/2022\\\/09\\\/parcours-moto.png\",\"image_box_decoration\":\"default\",\"image_box_decoration_inverse\":false,\"image_svg_inline\":false}}]},{\"type\":\"column\",\"props\":{\"position_sticky_breakpoint\":\"m\",\"image_position\":\"center-center\",\"media_overlay_gradient\":\"\",\"width_medium\":\"1-2\"},\"children\":[{\"type\":\"headline\",\"props\":{\"title_element\":\"h1\",\"content\":\"Apprentissage Moto\",\"title_font_family\":\"secondary\",\"title_color\":\"primary\"}},{\"type\":\"text\",\"props\":{\"margin\":\"default\",\"column_breakpoint\":\"m\",\"content\":\"\n\n<p>Avec ECCAM passez votre code de la route facilement et rapidement gr\\u00e2ce \\u00e0 un suivi personnalis\\u00e9. <span>Lorem ipsum dolor sit amet, consectetur adipiscing elit, sed do eiusmod tempor incididunt ut labore et dolore magna aliqua.<\\\/span><\\\/p>\"}}]}]}]}],\"version\":\"2.7.26\"} --><\/p>\n","protected":false},"excerpt":{"rendered":"<p>Apprentissage Avec ECCAM passez votre code de la route facilement et rapidement gr\u00e2ce \u00e0 un suivi personnalis\u00e9. Lorem ipsum dolor sit amet, consectetur adipiscing elit, sed do eiusmod tempor incididunt ut labore et dolore magna aliqua. Apprentissage Moto Avec ECCAM passez votre code de la route facilement et rapidement gr\u00e2ce \u00e0 un suivi personnalis\u00e9. Lorem [&hellip;]<\/p>\n","protected":false},"author":1,"featured_media":0,"parent":0,"menu_order":0,"comment_status":"closed","ping_status":"closed","template":"","meta":{"footnotes":""},"class_list":["post-1323","page","type-page","status-publish","hentry"],"acf":[],"_links":{"self":[{"href":"https:\/\/ecole-eccam.clicetcom.fr\/index.php?rest_route=\/wp\/v2\/pages\/1323","targetHints":{"allow":["GET"]}}],"collection":[{"href":"https:\/\/ecole-eccam.clicetcom.fr\/index.php?rest_route=\/wp\/v2\/pages"}],"about":[{"href":"https:\/\/ecole-eccam.clicetcom.fr\/index.php?rest_route=\/wp\/v2\/types\/page"}],"author":[{"embeddable":true,"href":"https:\/\/ecole-eccam.clicetcom.fr\/index.php?rest_route=\/wp\/v2\/users\/1"}],"replies":[{"embeddable":true,"href":"https:\/\/ecole-eccam.clicetcom.fr\/index.php?rest_route=%2Fwp%2Fv2%2Fcomments&post=1323"}],"version-history":[{"count":14,"href":"https:\/\/ecole-eccam.clicetcom.fr\/index.php?rest_route=\/wp\/v2\/pages\/1323\/revisions"}],"predecessor-version":[{"id":1879,"href":"https:\/\/ecole-eccam.clicetcom.fr\/index.php?rest_route=\/wp\/v2\/pages\/1323\/revisions\/1879"}],"wp:attachment":[{"href":"https:\/\/ecole-eccam.clicetcom.fr\/index.php?rest_route=%2Fwp%2Fv2%2Fmedia&parent=1323"}],"curies":[{"name":"wp","href":"https:\/\/api.w.org\/{rel}","templated":true}]}}