{"id":1324,"date":"2022-09-15T11:24:28","date_gmt":"2022-09-15T11:24:28","guid":{"rendered":"https:\/\/ecole-eccam.clicetcom.fr\/?page_id=1324"},"modified":"2022-10-19T09:43:52","modified_gmt":"2022-10-19T09:43:52","slug":"formations","status":"publish","type":"page","link":"https:\/\/ecole-eccam.clicetcom.fr\/?page_id=1324","title":{"rendered":"Formations"},"content":{"rendered":"<h1>Nos diff\u00e9rentes formations pour vous <br \/>accompagner \u00e0 bien dans vos objectifs !<\/h1>\n<div>\n<p>Vous trouverez ci dessous les diff\u00e9rentes passerelles qui regroupent un large choix de <strong>formations<\/strong>.<\/p>\n<\/div>\n<h2>Nos Formations<\/h2>\n<div>\n<p>ECCAM vous propose un large choix de formations, du permis voiture, moto en passant par les remorques. <br \/>Nos moniteurs vous donnerons confiance dans le but d&rsquo;atteindre vos objectifs.<\/p>\n<\/div>\n<div>\n<p>        <img decoding=\"async\" src=\"\/wp-content\/uploads\/2022\/09\/voiture.png\" alt=\"\"><\/p>\n<h3>Permis Voiture<\/h3>\n<p>\u00c0 partir de 17 ans<\/p>\n<p><a href=\"\/index.php?page_id=1676\"><\/a><\/p>\n<\/div>\n<div>\n<p>        <img decoding=\"async\" src=\"\/wp-content\/uploads\/2022\/09\/moto.png\" alt=\"\"><\/p>\n<h3>Permis Moto<\/h3>\n<p>\u00c0 partir de 15 ans<\/p>\n<p><a href=\"\/index.php?page_id=1677\"><\/a><\/p>\n<\/div>\n<div>\n<p>        <img decoding=\"async\" src=\"\/wp-content\/uploads\/2022\/09\/remorque.png\" alt=\"\"><\/p>\n<h3>Permis Remorque<\/h3>\n<p>N\u00e9cessite un permis sup\u00e9rieur \u00e0 2 ans<\/p>\n<p><a href=\"\/index.php?page_id=1678\"><\/a><\/p>\n<\/div>\n<h2>Nos Formations<\/h2>\n<div>\n<p>ECCAM vous propose un large choix de formations, du permis voiture, moto en passant par les remorques. Nos moniteurs vous donnerons confiance dans le but d&rsquo;atteindre vos objectifs.\u00a0<\/p>\n<\/div>\n<div>\n<p>        <img decoding=\"async\" src=\"\/wp-content\/uploads\/2022\/09\/voiture.png\" alt=\"\"><\/p>\n<h3>Permis Voiture<\/h3>\n<p>\u00c0 partir de 17 ans<\/p>\n<p><a href=\"\/index.php?page_id=1676\">En savoir plus<\/a><\/p>\n<\/div>\n<div>\n<p>        <img decoding=\"async\" src=\"\/wp-content\/uploads\/2022\/09\/moto.png\" alt=\"\"><\/p>\n<h3>Permis Moto<\/h3>\n<p>\u00c0 partir de 15 ans<\/p>\n<p><a href=\"\/index.php?page_id=1677\">En savoir plus<\/a><\/p>\n<\/div>\n<div>\n<p>        <img decoding=\"async\" src=\"\/wp-content\/uploads\/2022\/09\/remorque.png\" alt=\"\"><\/p>\n<h3>Permis Remorque<\/h3>\n<p>N\u00e9cessite un permis sup\u00e9rieur \u00e0 2 ans<\/p>\n<p><a href=\"\/index.php?page_id=1678\">En savoir plus<\/a><\/p>\n<\/div>\n<p><!--more--><br \/>\n<!-- {\"type\":\"layout\",\"children\":[{\"type\":\"section\",\"props\":{\"style\":\"default\",\"width\":\"large\",\"vertical_align\":\"middle\",\"title_position\":\"top-left\",\"title_rotation\":\"left\",\"title_breakpoint\":\"xl\",\"image_position\":\"center-center\",\"overlap\":false},\"children\":[{\"type\":\"row\",\"props\":{\"divider\":false},\"children\":[{\"type\":\"column\",\"props\":{\"position_sticky_breakpoint\":\"m\",\"image_position\":\"center-center\",\"media_overlay_gradient\":\"\",\"width_medium\":\"\",\"vertical_align\":\"middle\"},\"children\":[{\"type\":\"headline\",\"props\":{\"title_element\":\"h1\",\"content\":\"Nos diff\\u00e9rentes formations pour vous <br \\\/>accompagner \\u00e0 bien dans vos objectifs !\",\"title_font_family\":\"secondary\",\"title_color\":\"primary\",\"text_align\":\"center\"}},{\"type\":\"text\",\"props\":{\"margin\":\"default\",\"column_breakpoint\":\"m\",\"content\":\"\n\n<p>Vous trouverez ci dessous les diff\\u00e9rentes passerelles qui regroupent un large choix de <strong>formations<\\\/strong>.<\\\/p>\",\"text_align\":\"center\"}}]}]}]},{\"type\":\"section\",\"props\":{\"style\":\"secondary\",\"width\":\"default\",\"vertical_align\":\"middle\",\"title_position\":\"top-left\",\"title_rotation\":\"left\",\"title_breakpoint\":\"xl\",\"image_position\":\"center-center\",\"preserve_color\":true,\"overlap\":false,\"class\":\"uk-visible@l\"},\"children\":[{\"type\":\"row\",\"children\":[{\"type\":\"column\",\"props\":{\"position_sticky_breakpoint\":\"m\",\"image_position\":\"center-center\",\"media_overlay_gradient\":\"\"},\"children\":[{\"type\":\"headline\",\"props\":{\"title_element\":\"h2\",\"content\":\"Nos Formations\",\"title_font_family\":\"secondary\",\"text_align\":\"center\",\"title_color\":\"secondary\"}},{\"type\":\"text\",\"props\":{\"margin\":\"default\",\"column_breakpoint\":\"m\",\"text_align\":\"center\",\"content\":\"\n\n<p>ECCAM vous propose un large choix de formations, du permis voiture, moto en passant par les remorques. <br \\\/>Nos moniteurs vous donnerons confiance dans le but d'atteindre vos objectifs.<\\\/p>\"}}]}]},{\"type\":\"row\",\"props\":{\"layout\":\"1-3,1-3,1-3\"},\"children\":[{\"type\":\"column\",\"props\":{\"position_sticky_breakpoint\":\"m\",\"image_position\":\"center-center\",\"media_overlay_gradient\":\"\",\"width_medium\":\"1-3\"},\"children\":[{\"type\":\"overlay\",\"props\":{\"link_text\":\"\",\"overlay_mode\":\"cover\",\"overlay_hover\":true,\"overlay_style\":\"overlay-primary\",\"text_color\":\"light\",\"overlay_position\":\"center\",\"overlay_transition\":\"fade\",\"title_hover_style\":\"reset\",\"title_element\":\"h3\",\"meta_style\":\"text-meta\",\"meta_align\":\"below-title\",\"meta_element\":\"div\",\"link_style\":\"default\",\"text_align\":\"center\",\"margin\":\"default\",\"image\":\"wp-content\\\/uploads\\\/2022\\\/09\\\/voiture.png\",\"image_height\":\"640\",\"image_width\":\"640\",\"image_transition\":\"scale-down\",\"image_min_height\":\"\",\"title\":\"Permis Voiture\",\"meta\":\"\\u00c0 partir de 17 ans\",\"link\":\"index.php?page_id=1676\",\"overlay_link\":true}},{\"type\":\"text\",\"props\":{\"margin\":\"default\",\"column_breakpoint\":\"m\",\"text_align\":\"center\"}}]},{\"type\":\"column\",\"props\":{\"position_sticky_breakpoint\":\"m\",\"image_position\":\"center-center\",\"media_overlay_gradient\":\"\",\"width_medium\":\"1-3\"},\"children\":[{\"type\":\"overlay\",\"props\":{\"link_text\":\"\",\"overlay_mode\":\"cover\",\"overlay_hover\":true,\"overlay_style\":\"overlay-primary\",\"text_color\":\"light\",\"overlay_position\":\"center\",\"overlay_transition\":\"fade\",\"title_hover_style\":\"reset\",\"title_element\":\"h3\",\"meta_style\":\"text-meta\",\"meta_align\":\"below-title\",\"meta_element\":\"div\",\"link_style\":\"default\",\"text_align\":\"center\",\"margin\":\"default\",\"image\":\"wp-content\\\/uploads\\\/2022\\\/09\\\/moto.png\",\"image_height\":\"640\",\"image_width\":\"640\",\"image_transition\":\"scale-down\",\"image_min_height\":\"\",\"title\":\"Permis Moto\",\"meta\":\"\\u00c0 partir de 15 ans\",\"link\":\"index.php?page_id=1677\",\"overlay_link\":true}},{\"type\":\"text\",\"props\":{\"margin\":\"default\",\"column_breakpoint\":\"m\",\"text_align\":\"center\"}}]},{\"type\":\"column\",\"props\":{\"position_sticky_breakpoint\":\"m\",\"image_position\":\"center-center\",\"media_overlay_gradient\":\"\",\"width_medium\":\"1-3\"},\"children\":[{\"type\":\"overlay\",\"props\":{\"link_text\":\"\",\"overlay_mode\":\"cover\",\"overlay_hover\":true,\"overlay_style\":\"overlay-primary\",\"text_color\":\"light\",\"overlay_position\":\"center\",\"overlay_transition\":\"fade\",\"title_hover_style\":\"reset\",\"title_element\":\"h3\",\"meta_style\":\"text-meta\",\"meta_align\":\"below-title\",\"meta_element\":\"div\",\"link_style\":\"default\",\"text_align\":\"center\",\"margin\":\"default\",\"image\":\"wp-content\\\/uploads\\\/2022\\\/09\\\/remorque.png\",\"image_height\":\"640\",\"image_width\":\"640\",\"image_transition\":\"scale-down\",\"image_min_height\":\"\",\"title\":\"Permis Remorque\",\"meta\":\"N\\u00e9cessite un permis sup\\u00e9rieur \\u00e0 2 ans\",\"link\":\"index.php?page_id=1678\",\"overlay_link\":true}},{\"type\":\"text\",\"props\":{\"margin\":\"default\",\"column_breakpoint\":\"m\",\"text_align\":\"center\"}}]}]}],\"name\":\"FORMATIONS - GRAND FORMAT\"},{\"type\":\"section\",\"props\":{\"style\":\"secondary\",\"width\":\"default\",\"vertical_align\":\"middle\",\"title_position\":\"top-left\",\"title_rotation\":\"left\",\"title_breakpoint\":\"xl\",\"image_position\":\"center-center\",\"preserve_color\":true,\"overlap\":false,\"class\":\"uk-hidden@l\"},\"children\":[{\"type\":\"row\",\"children\":[{\"type\":\"column\",\"props\":{\"position_sticky_breakpoint\":\"m\",\"image_position\":\"center-center\",\"media_overlay_gradient\":\"\"},\"children\":[{\"type\":\"headline\",\"props\":{\"title_element\":\"h2\",\"content\":\"Nos Formations\",\"title_font_family\":\"secondary\",\"text_align\":\"center\",\"title_color\":\"secondary\"}},{\"type\":\"text\",\"props\":{\"margin\":\"default\",\"column_breakpoint\":\"m\",\"text_align\":\"center\",\"content\":\"\n\n<p>ECCAM vous propose un large choix de formations, du permis voiture, moto en passant par les remorques. Nos moniteurs vous donnerons confiance dans le but d'atteindre vos objectifs.\\u00a0<\\\/p>\"}}]}]},{\"type\":\"row\",\"props\":{\"layout\":\"1-3,1-3,1-3\"},\"children\":[{\"type\":\"column\",\"props\":{\"position_sticky_breakpoint\":\"m\",\"image_position\":\"center-center\",\"media_overlay_gradient\":\"\",\"width_medium\":\"1-3\"},\"children\":[{\"type\":\"overlay\",\"props\":{\"link_text\":\"En savoir plus\",\"overlay_mode\":\"cover\",\"overlay_hover\":true,\"overlay_style\":\"overlay-primary\",\"text_color\":\"light\",\"overlay_position\":\"center\",\"overlay_transition\":\"fade\",\"title_hover_style\":\"reset\",\"title_element\":\"h3\",\"meta_style\":\"text-meta\",\"meta_align\":\"below-title\",\"meta_element\":\"div\",\"link_style\":\"default\",\"text_align\":\"center\",\"margin\":\"default\",\"image\":\"wp-content\\\/uploads\\\/2022\\\/09\\\/voiture.png\",\"image_height\":\"450\",\"image_width\":\"450\",\"image_transition\":\"scale-down\",\"image_min_height\":\"\",\"title\":\"Permis Voiture\",\"meta\":\"\\u00c0 partir de 17 ans\",\"link\":\"index.php?page_id=1676\"}},{\"type\":\"text\",\"props\":{\"margin\":\"default\",\"column_breakpoint\":\"m\",\"text_align\":\"center\"}}]},{\"type\":\"column\",\"props\":{\"position_sticky_breakpoint\":\"m\",\"image_position\":\"center-center\",\"media_overlay_gradient\":\"\",\"width_medium\":\"1-3\"},\"children\":[{\"type\":\"overlay\",\"props\":{\"link_text\":\"En savoir plus\",\"overlay_mode\":\"cover\",\"overlay_hover\":true,\"overlay_style\":\"overlay-primary\",\"text_color\":\"light\",\"overlay_position\":\"center\",\"overlay_transition\":\"fade\",\"title_hover_style\":\"reset\",\"title_element\":\"h3\",\"meta_style\":\"text-meta\",\"meta_align\":\"below-title\",\"meta_element\":\"div\",\"link_style\":\"default\",\"text_align\":\"center\",\"margin\":\"default\",\"image\":\"wp-content\\\/uploads\\\/2022\\\/09\\\/moto.png\",\"image_height\":\"450\",\"image_width\":\"450\",\"image_transition\":\"scale-down\",\"image_min_height\":\"\",\"title\":\"Permis Moto\",\"meta\":\"\\u00c0 partir de 15 ans\",\"link\":\"index.php?page_id=1677\"}},{\"type\":\"text\",\"props\":{\"margin\":\"default\",\"column_breakpoint\":\"m\",\"text_align\":\"center\"}}]},{\"type\":\"column\",\"props\":{\"position_sticky_breakpoint\":\"m\",\"image_position\":\"center-center\",\"media_overlay_gradient\":\"\",\"width_medium\":\"1-3\"},\"children\":[{\"type\":\"overlay\",\"props\":{\"link_text\":\"En savoir plus\",\"overlay_mode\":\"cover\",\"overlay_hover\":true,\"overlay_style\":\"overlay-primary\",\"text_color\":\"light\",\"overlay_position\":\"center\",\"overlay_transition\":\"fade\",\"title_hover_style\":\"reset\",\"title_element\":\"h3\",\"meta_style\":\"text-meta\",\"meta_align\":\"below-title\",\"meta_element\":\"div\",\"link_style\":\"default\",\"text_align\":\"center\",\"margin\":\"default\",\"image\":\"wp-content\\\/uploads\\\/2022\\\/09\\\/remorque.png\",\"image_height\":\"450\",\"image_width\":\"450\",\"image_transition\":\"scale-down\",\"image_min_height\":\"\",\"title\":\"Permis Remorque\",\"meta\":\"N\\u00e9cessite un permis sup\\u00e9rieur \\u00e0 2 ans\",\"link\":\"index.php?page_id=1678\"}},{\"type\":\"text\",\"props\":{\"margin\":\"default\",\"column_breakpoint\":\"m\",\"text_align\":\"center\"}}]}]}],\"name\":\"FORMATIONS - FORMAT TABLETTE\"},{\"type\":\"section\",\"props\":{\"style\":\"default\",\"width\":\"default\",\"vertical_align\":\"middle\",\"title_position\":\"top-left\",\"title_rotation\":\"left\",\"title_breakpoint\":\"xl\",\"image_position\":\"center-center\"},\"children\":[{\"type\":\"row\",\"children\":[{\"type\":\"column\",\"props\":{\"position_sticky_breakpoint\":\"m\",\"image_position\":\"center-center\",\"media_overlay_gradient\":\"\"},\"children\":[]}]}]}],\"version\":\"3.0.6\"} --><\/p>\n","protected":false},"excerpt":{"rendered":"<p>Nos diff\u00e9rentes formations pour vous accompagner \u00e0 bien dans vos objectifs ! Vous trouverez ci dessous les diff\u00e9rentes passerelles qui regroupent un large choix de formations. Nos Formations ECCAM vous propose un large choix de formations, du permis voiture, moto en passant par les remorques. Nos moniteurs vous donnerons confiance dans le but d&rsquo;atteindre vos [&hellip;]<\/p>\n","protected":false},"author":1,"featured_media":0,"parent":0,"menu_order":0,"comment_status":"closed","ping_status":"closed","template":"","meta":{"footnotes":""},"class_list":["post-1324","page","type-page","status-publish","hentry"],"acf":[],"_links":{"self":[{"href":"https:\/\/ecole-eccam.clicetcom.fr\/index.php?rest_route=\/wp\/v2\/pages\/1324","targetHints":{"allow":["GET"]}}],"collection":[{"href":"https:\/\/ecole-eccam.clicetcom.fr\/index.php?rest_route=\/wp\/v2\/pages"}],"about":[{"href":"https:\/\/ecole-eccam.clicetcom.fr\/index.php?rest_route=\/wp\/v2\/types\/page"}],"author":[{"embeddable":true,"href":"https:\/\/ecole-eccam.clicetcom.fr\/index.php?rest_route=\/wp\/v2\/users\/1"}],"replies":[{"embeddable":true,"href":"https:\/\/ecole-eccam.clicetcom.fr\/index.php?rest_route=%2Fwp%2Fv2%2Fcomments&post=1324"}],"version-history":[{"count":35,"href":"https:\/\/ecole-eccam.clicetcom.fr\/index.php?rest_route=\/wp\/v2\/pages\/1324\/revisions"}],"predecessor-version":[{"id":2036,"href":"https:\/\/ecole-eccam.clicetcom.fr\/index.php?rest_route=\/wp\/v2\/pages\/1324\/revisions\/2036"}],"wp:attachment":[{"href":"https:\/\/ecole-eccam.clicetcom.fr\/index.php?rest_route=%2Fwp%2Fv2%2Fmedia&parent=1324"}],"curies":[{"name":"wp","href":"https:\/\/api.w.org\/{rel}","templated":true}]}}