{"id":1325,"date":"2022-09-15T11:24:28","date_gmt":"2022-09-15T11:24:28","guid":{"rendered":"https:\/\/ecole-eccam.clicetcom.fr\/?page_id=1325"},"modified":"2022-10-18T14:18:38","modified_gmt":"2022-10-18T14:18:38","slug":"formateurs","status":"publish","type":"page","link":"https:\/\/ecole-eccam.clicetcom.fr\/?page_id=1325","title":{"rendered":"Formateurs"},"content":{"rendered":"<h1>\n<p>Une \u00e9quipe \u00e0 votre <strong>\u00e9coute<\/strong>.<\/p>\n<\/h1>\n<div>\n<p style=\"text-align: center;\">L\u2019\u00e9quipe est constitu\u00e9 de moniteurs qualifi\u00e9s qui seront l\u00e0 <br \/>pour vous accompagner tout au long de votre formation. <br \/>Nous trouverons la formation la plus adapt\u00e9 \u00e0 vos besoin <br \/>car notre priorit\u00e9 est votre r\u00e9ussite.<\/p>\n<\/div>\n<div>\n<p>        <img decoding=\"async\" src=\"\/wp-content\/uploads\/2022\/09\/formateur-1.png\" alt=\"\"><\/p>\n<div>Bastien<\/div>\n<p>Code &#8211; Voiture &#8211; Moto<\/p>\n<\/div>\n<div>\n<p>        <img decoding=\"async\" src=\"\/wp-content\/uploads\/2022\/09\/formateur-2.png\" alt=\"\"><\/p>\n<div>Lucien<\/div>\n<p>Voiture &#8211; Remorque<\/p>\n<\/div>\n<div>\n<p>        <img decoding=\"async\" src=\"\/wp-content\/uploads\/2022\/09\/formateur-3.png\" alt=\"\"><\/p>\n<div>Agathe<\/div>\n<p>Code &#8211; Voiture<\/p>\n<\/div>\n<div>\n<p>        <img decoding=\"async\" src=\"\/wp-content\/uploads\/2022\/09\/formateur-4.png\" alt=\"\"><\/p>\n<div>Val\u00e9rie<\/div>\n<p>Voiture &#8211; Moto<\/p>\n<\/div>\n<div>\n<p>        <img decoding=\"async\" src=\"\/wp-content\/uploads\/2022\/09\/formateur-1.png\" alt=\"\"><\/p>\n<div>Bastien<\/div>\n<p>Code &#8211; Voiture &#8211; Moto<\/p>\n<\/div>\n<div>\n<p>        <img decoding=\"async\" src=\"\/wp-content\/uploads\/2022\/09\/formateur-2.png\" alt=\"\"><\/p>\n<div>Lucien<\/div>\n<p>Voiture &#8211; Remorque<\/p>\n<\/div>\n<div>\n<p>        <img decoding=\"async\" src=\"\/wp-content\/uploads\/2022\/09\/formateur-3.png\" alt=\"\"><\/p>\n<div>Agathe<\/div>\n<p>Code &#8211; Voiture<\/p>\n<\/div>\n<div>\n<p>        <img decoding=\"async\" src=\"\/wp-content\/uploads\/2022\/09\/formateur-4.png\" alt=\"\"><\/p>\n<div>Val\u00e9rie<\/div>\n<p>Voiture &#8211; Moto<\/p>\n<\/div>\n<h2><strong>Questions<\/strong> les plus fr\u00e9quentes<\/h2>\n<div>\n<p>Cette partie r\u00e9pond \u00e0 un certain nombre de questions fr\u00e9quemment pos\u00e9es et de probl\u00e8mes connus.<\/p>\n<\/div>\n<hr>\n<ul>\n<li>\n<h3>Sur quel <strong>mod\u00e8le de v\u00e9hicule<\/strong> les \u00e9l\u00e8ves conduisent-ils ?<\/h3>\n<div>\n<p><span>Lorem ipsum dolor sit amet, consectetur adipiscing elit, sed do eiusmod tempor incididunt ut labore et dolore magna aliqua. Ut enim ad minim veniam, quis nostrud exercitation ullamco laboris nisi ut aliquip ex ea commodo consequat.<\/span><\/p>\n<ul>\n<li><span>Lorem ipsum dolor sit amet, consectetur adipiscing elit, sed do eiusmod tempor incididunt ut labore et dolore magna aliqua. Ut enim ad minim veniam, quis nostrud exercitation ullamco laboris nisi ut aliquip ex ea commodo consequat.<\/span><\/li>\n<\/ul>\n<ul>\n<li><span>Lorem ipsum dolor sit amet, consectetur adipiscing elit, sed do eiusmod tempor incididunt ut labore et dolore magna aliqua. Ut enim ad minim veniam, quis nostrud exercitation ullamco laboris nisi ut aliquip ex ea commodo consequat.<\/span><\/li>\n<\/ul>\n<\/div>\n<\/li>\n<li>\n<h3>Combien d\u2019heures faut-il au <strong>minimum<\/strong> ?<\/h3>\n<div>\n<p><span>Lorem ipsum dolor sit amet, consectetur adipiscing elit, sed do eiusmod tempor incididunt ut labore et dolore magna aliqua. Ut enim ad minim veniam, quis nostrud exercitation ullamco laboris nisi ut aliquip ex ea commodo consequat.<\/span><\/p>\n<ul>\n<li><span>Lorem ipsum dolor sit amet, consectetur adipiscing elit, sed do eiusmod tempor incididunt ut labore et dolore magna aliqua. Ut enim ad minim veniam, quis nostrud exercitation ullamco laboris nisi ut aliquip ex ea commodo consequat.<\/span><\/li>\n<\/ul>\n<ul>\n<li><span>Lorem ipsum dolor sit amet, consectetur adipiscing elit, sed do eiusmod tempor incididunt ut labore et dolore magna aliqua. Ut enim ad minim veniam, quis nostrud exercitation ullamco laboris nisi ut aliquip ex ea commodo consequat.<\/span><\/li>\n<\/ul>\n<\/div>\n<\/li>\n<li>\n<h3>Que se passe-t-il en cas <strong>d\u2019annulation<\/strong> de la le\u00e7on ?<\/h3>\n<div>\n<p><span>Lorem ipsum dolor sit amet, consectetur adipiscing elit, sed do eiusmod tempor incididunt ut labore et dolore magna aliqua. Ut enim ad minim veniam, quis nostrud exercitation ullamco laboris nisi ut aliquip ex ea commodo consequat.<\/span><\/p>\n<ul>\n<li><span>Lorem ipsum dolor sit amet, consectetur adipiscing elit, sed do eiusmod tempor incididunt ut labore et dolore magna aliqua. Ut enim ad minim veniam, quis nostrud exercitation ullamco laboris nisi ut aliquip ex ea commodo consequat.<\/span><\/li>\n<\/ul>\n<ul>\n<li><span>Lorem ipsum dolor sit amet, consectetur adipiscing elit, sed do eiusmod tempor incididunt ut labore et dolore magna aliqua. Ut enim ad minim veniam, quis nostrud exercitation ullamco laboris nisi ut aliquip ex ea commodo consequat.<\/span><\/li>\n<\/ul>\n<\/div>\n<\/li>\n<li>\n<h3>Comment conna\u00eetre le <strong>nombre d\u2019heures<\/strong> n\u00e9cessaires \u00e0 l\u2019apprentissage de la conduite ?<\/h3>\n<div>\n<p><span>Lorem ipsum dolor sit amet, consectetur adipiscing elit, sed do eiusmod tempor incididunt ut labore et dolore magna aliqua. Ut enim ad minim veniam, quis nostrud exercitation ullamco laboris nisi ut aliquip ex ea commodo consequat.<\/span><\/p>\n<ul>\n<li><span>Lorem ipsum dolor sit amet, consectetur adipiscing elit, sed do eiusmod tempor incididunt ut labore et dolore magna aliqua. Ut enim ad minim veniam, quis nostrud exercitation ullamco laboris nisi ut aliquip ex ea commodo consequat.<\/span><\/li>\n<\/ul>\n<ul>\n<li><span>Lorem ipsum dolor sit amet, consectetur adipiscing elit, sed do eiusmod tempor incididunt ut labore et dolore magna aliqua. Ut enim ad minim veniam, quis nostrud exercitation ullamco laboris nisi ut aliquip ex ea commodo consequat.<\/span><\/li>\n<\/ul>\n<\/div>\n<\/li>\n<\/ul>\n<p><!--more--><br \/>\n<!-- {\"type\":\"layout\",\"children\":[{\"type\":\"section\",\"props\":{\"style\":\"default\",\"width\":\"default\",\"vertical_align\":\"middle\",\"title_position\":\"top-left\",\"title_rotation\":\"left\",\"title_breakpoint\":\"xl\",\"image_position\":\"center-center\"},\"children\":[{\"type\":\"row\",\"children\":[{\"type\":\"column\",\"props\":{\"position_sticky_breakpoint\":\"m\",\"image_position\":\"center-center\",\"media_overlay_gradient\":\"\"},\"children\":[{\"type\":\"headline\",\"props\":{\"title_element\":\"h1\",\"content\":\"\n\n<p>Une \\u00e9quipe \\u00e0 votre <strong>\\u00e9coute<\\\/strong>.<\\\/p>\",\"text_align\":\"center\",\"title_font_family\":\"secondary\",\"title_style\":\"h1\",\"title_color\":\"primary\",\"css\":\"strong{\\n    color:#C70C0E;\\n    text-decoration:none;\\n}\"}},{\"type\":\"text\",\"props\":{\"margin\":\"default\",\"column_breakpoint\":\"m\",\"content\":\"\n\n<p style=\\\"text-align: center;\\\">L\\u2019\\u00e9quipe est constitu\\u00e9 de moniteurs qualifi\\u00e9s qui seront l\\u00e0 <br \\\/>pour vous accompagner tout au long de votre formation. <br \\\/>Nous trouverons la formation la plus adapt\\u00e9 \\u00e0 vos besoin <br \\\/>car notre priorit\\u00e9 est votre r\\u00e9ussite.<\\\/p>\"}}]}]}]},{\"type\":\"section\",\"props\":{\"style\":\"default\",\"width\":\"default\",\"vertical_align\":\"middle\",\"title_position\":\"top-left\",\"title_rotation\":\"left\",\"title_breakpoint\":\"xl\",\"image_position\":\"center-center\",\"class\":\"uk-visible@l\\t\"},\"children\":[{\"type\":\"row\",\"props\":{\"layout\":\"1-4,1-4,1-4,1-4|1-2,1-2,1-2,1-2\"},\"children\":[{\"type\":\"column\",\"props\":{\"position_sticky_breakpoint\":\"m\",\"image_position\":\"center-center\",\"media_overlay_gradient\":\"\",\"width_medium\":\"1-4\",\"width_small\":\"1-2\",\"position_sticky\":false},\"children\":[{\"type\":\"overlay\",\"props\":{\"link_text\":\"Read more\",\"overlay_mode\":\"cover\",\"overlay_hover\":true,\"overlay_style\":\"overlay-default\",\"text_color\":\"light\",\"overlay_position\":\"center\",\"overlay_transition\":\"fade\",\"title_hover_style\":\"reset\",\"title_element\":\"div\",\"meta_style\":\"meta\",\"meta_align\":\"below-title\",\"meta_element\":\"div\",\"link_style\":\"default\",\"text_align\":\"center\",\"margin\":\"default\",\"image\":\"wp-content\\\/uploads\\\/2022\\\/09\\\/formateur-1.png\",\"title\":\"Bastien\",\"meta\":\"Code - Voiture - Moto\",\"overlay_transition_background\":false,\"image_box_decoration\":\"default\",\"title_style\":\"h1\",\"title_color\":\"emphasis\",\"title_font_family\":\"secondary\",\"meta_color\":\"primary\",\"animation\":\"parallax\",\"parallax_y_start\":\"-80\"}}]},{\"type\":\"column\",\"props\":{\"position_sticky_breakpoint\":\"m\",\"image_position\":\"center-center\",\"media_overlay_gradient\":\"\",\"width_medium\":\"1-4\",\"width_small\":\"1-2\"},\"children\":[{\"type\":\"overlay\",\"props\":{\"link_text\":\"Read more\",\"overlay_mode\":\"cover\",\"overlay_hover\":true,\"overlay_style\":\"overlay-default\",\"text_color\":\"light\",\"overlay_position\":\"center\",\"overlay_transition\":\"fade\",\"title_hover_style\":\"reset\",\"title_element\":\"div\",\"meta_style\":\"meta\",\"meta_align\":\"below-title\",\"meta_element\":\"div\",\"link_style\":\"default\",\"text_align\":\"center\",\"margin\":\"default\",\"image\":\"wp-content\\\/uploads\\\/2022\\\/09\\\/formateur-2.png\",\"animation\":\"parallax\",\"parallax_y_start\":\"40\",\"title\":\"Lucien\",\"meta\":\"Voiture - Remorque\",\"title_style\":\"h1\",\"title_font_family\":\"secondary\",\"meta_color\":\"primary\"}}]},{\"type\":\"column\",\"props\":{\"position_sticky_breakpoint\":\"m\",\"image_position\":\"center-center\",\"media_overlay_gradient\":\"\",\"width_medium\":\"1-4\",\"width_small\":\"1-2\"},\"children\":[{\"type\":\"overlay\",\"props\":{\"link_text\":\"Read more\",\"overlay_mode\":\"cover\",\"overlay_hover\":true,\"overlay_style\":\"overlay-default\",\"text_color\":\"light\",\"overlay_position\":\"center\",\"overlay_transition\":\"fade\",\"title_hover_style\":\"reset\",\"title_element\":\"div\",\"meta_style\":\"meta\",\"meta_align\":\"below-title\",\"meta_element\":\"div\",\"link_style\":\"default\",\"text_align\":\"center\",\"margin\":\"default\",\"image\":\"wp-content\\\/uploads\\\/2022\\\/09\\\/formateur-3.png\",\"animation\":\"parallax\",\"parallax_y_start\":\"-80\",\"title\":\"Agathe\",\"meta\":\"Code - Voiture\",\"title_font_family\":\"secondary\",\"meta_color\":\"primary\",\"title_color\":\"primary\",\"title_style\":\"h1\"}}]},{\"type\":\"column\",\"props\":{\"position_sticky_breakpoint\":\"m\",\"image_position\":\"center-center\",\"media_overlay_gradient\":\"\",\"width_medium\":\"1-4\",\"width_small\":\"1-2\"},\"children\":[{\"type\":\"overlay\",\"props\":{\"link_text\":\"Read more\",\"overlay_mode\":\"cover\",\"overlay_hover\":true,\"overlay_style\":\"overlay-default\",\"text_color\":\"light\",\"overlay_position\":\"center\",\"overlay_transition\":\"fade\",\"title_hover_style\":\"reset\",\"title_element\":\"div\",\"meta_style\":\"meta\",\"meta_align\":\"below-title\",\"meta_element\":\"div\",\"link_style\":\"default\",\"text_align\":\"center\",\"margin\":\"default\",\"image\":\"wp-content\\\/uploads\\\/2022\\\/09\\\/formateur-4.png\",\"image_box_decoration\":\"secondary\",\"animation\":\"parallax\",\"parallax_y_start\":\"40\",\"title\":\"Val\\u00e9rie\",\"meta\":\"Voiture - Moto\",\"title_style\":\"h1\",\"title_font_family\":\"secondary\",\"meta_color\":\"primary\"}}]}]}],\"name\":\"\\u00c9QUIPE - VISIBLE GRAND FORMAT\"},{\"type\":\"section\",\"props\":{\"style\":\"default\",\"width\":\"default\",\"vertical_align\":\"middle\",\"title_position\":\"top-left\",\"title_rotation\":\"left\",\"title_breakpoint\":\"xl\",\"image_position\":\"center-center\",\"class\":\"uk-hidden@l\\t\"},\"children\":[{\"type\":\"row\",\"props\":{\"layout\":\"1-4,1-4,1-4,1-4|1-2,1-2,1-2,1-2\"},\"children\":[{\"type\":\"column\",\"props\":{\"position_sticky_breakpoint\":\"m\",\"image_position\":\"center-center\",\"media_overlay_gradient\":\"\",\"width_medium\":\"1-4\",\"width_small\":\"1-2\",\"position_sticky\":false},\"children\":[{\"type\":\"overlay\",\"props\":{\"link_text\":\"Read more\",\"overlay_mode\":\"cover\",\"overlay_hover\":true,\"overlay_style\":\"overlay-default\",\"text_color\":\"light\",\"overlay_position\":\"center\",\"overlay_transition\":\"fade\",\"title_hover_style\":\"reset\",\"title_element\":\"div\",\"meta_style\":\"meta\",\"meta_align\":\"below-title\",\"meta_element\":\"div\",\"link_style\":\"default\",\"text_align\":\"center\",\"margin\":\"default\",\"image\":\"wp-content\\\/uploads\\\/2022\\\/09\\\/formateur-1.png\",\"title\":\"Bastien\",\"meta\":\"Code - Voiture - Moto\",\"overlay_transition_background\":false,\"image_box_decoration\":\"default\",\"title_style\":\"h1\",\"title_color\":\"emphasis\",\"title_font_family\":\"secondary\",\"meta_color\":\"primary\",\"image_height\":\"600\"}}]},{\"type\":\"column\",\"props\":{\"position_sticky_breakpoint\":\"m\",\"image_position\":\"center-center\",\"media_overlay_gradient\":\"\",\"width_medium\":\"1-4\",\"width_small\":\"1-2\"},\"children\":[{\"type\":\"overlay\",\"props\":{\"link_text\":\"Read more\",\"overlay_mode\":\"cover\",\"overlay_hover\":true,\"overlay_style\":\"overlay-default\",\"text_color\":\"light\",\"overlay_position\":\"center\",\"overlay_transition\":\"fade\",\"title_hover_style\":\"reset\",\"title_element\":\"div\",\"meta_style\":\"meta\",\"meta_align\":\"below-title\",\"meta_element\":\"div\",\"link_style\":\"default\",\"text_align\":\"center\",\"margin\":\"default\",\"image\":\"wp-content\\\/uploads\\\/2022\\\/09\\\/formateur-2.png\",\"parallax_y_start\":\"40\",\"title\":\"Lucien\",\"meta\":\"Voiture - Remorque\",\"title_style\":\"h1\",\"title_font_family\":\"secondary\",\"meta_color\":\"primary\",\"image_height\":\"600\"}}]},{\"type\":\"column\",\"props\":{\"position_sticky_breakpoint\":\"m\",\"image_position\":\"center-center\",\"media_overlay_gradient\":\"\",\"width_medium\":\"1-4\",\"width_small\":\"1-2\"},\"children\":[{\"type\":\"overlay\",\"props\":{\"link_text\":\"Read more\",\"overlay_mode\":\"cover\",\"overlay_hover\":true,\"overlay_style\":\"overlay-default\",\"text_color\":\"light\",\"overlay_position\":\"center\",\"overlay_transition\":\"fade\",\"title_hover_style\":\"reset\",\"title_element\":\"div\",\"meta_style\":\"meta\",\"meta_align\":\"below-title\",\"meta_element\":\"div\",\"link_style\":\"default\",\"text_align\":\"center\",\"margin\":\"default\",\"image\":\"wp-content\\\/uploads\\\/2022\\\/09\\\/formateur-3.png\",\"parallax_y_start\":\"-80\",\"title\":\"Agathe\",\"meta\":\"Code - Voiture\",\"title_font_family\":\"secondary\",\"meta_color\":\"primary\",\"title_color\":\"primary\",\"title_style\":\"h1\",\"image_height\":\"600\"}}]},{\"type\":\"column\",\"props\":{\"position_sticky_breakpoint\":\"m\",\"image_position\":\"center-center\",\"media_overlay_gradient\":\"\",\"width_medium\":\"1-4\",\"width_small\":\"1-2\"},\"children\":[{\"type\":\"overlay\",\"props\":{\"link_text\":\"Read more\",\"overlay_mode\":\"cover\",\"overlay_hover\":true,\"overlay_style\":\"overlay-default\",\"text_color\":\"light\",\"overlay_position\":\"center\",\"overlay_transition\":\"fade\",\"title_hover_style\":\"reset\",\"title_element\":\"div\",\"meta_style\":\"meta\",\"meta_align\":\"below-title\",\"meta_element\":\"div\",\"link_style\":\"default\",\"text_align\":\"center\",\"margin\":\"default\",\"image\":\"wp-content\\\/uploads\\\/2022\\\/09\\\/formateur-4.png\",\"image_box_decoration\":\"secondary\",\"parallax_y_start\":\"40\",\"title\":\"Val\\u00e9rie\",\"meta\":\"Voiture - Moto\",\"title_style\":\"h1\",\"title_font_family\":\"secondary\",\"meta_color\":\"primary\",\"image_height\":\"600\"}}]}]}],\"name\":\"\\u00c9QUIPE - VISIBLE TABLETTE\"},{\"type\":\"section\",\"props\":{\"style\":\"default\",\"width\":\"default\",\"vertical_align\":\"middle\",\"title_position\":\"top-left\",\"title_rotation\":\"left\",\"title_breakpoint\":\"xl\",\"image_position\":\"center-center\"},\"children\":[{\"type\":\"row\",\"children\":[{\"type\":\"column\",\"props\":{\"position_sticky_breakpoint\":\"m\",\"image_position\":\"center-center\",\"media_overlay_gradient\":\"\"},\"children\":[{\"type\":\"headline\",\"props\":{\"title_element\":\"h2\",\"content\":\"<strong>Questions<\\\/strong> les plus fr\\u00e9quentes\",\"text_align\":\"center\",\"title_font_family\":\"secondary\",\"title_style\":\"h1\",\"title_color\":\"primary\",\"css\":\"strong{\\n    color:#C70C0E;\\n}\"}},{\"type\":\"text\",\"props\":{\"margin\":\"default\",\"column_breakpoint\":\"m\",\"content\":\"\n\n<p>Cette partie r\\u00e9pond \\u00e0 un certain nombre de questions fr\\u00e9quemment pos\\u00e9es et de probl\\u00e8mes connus.<\\\/p>\",\"text_align\":\"center\"}}]}]},{\"type\":\"row\",\"children\":[{\"type\":\"column\",\"props\":{\"position_sticky_breakpoint\":\"m\",\"image_position\":\"center-center\",\"media_overlay_gradient\":\"\"},\"children\":[{\"type\":\"divider\",\"props\":{\"divider_element\":\"hr\",\"maxwidth\":\"2xlarge\",\"block_align\":\"center\"}},{\"type\":\"accordion\",\"props\":{\"show_image\":true,\"show_link\":true,\"collapsible\":true,\"content_column_breakpoint\":\"m\",\"image_svg_color\":\"emphasis\",\"image_align\":\"top\",\"image_grid_width\":\"1-2\",\"image_grid_breakpoint\":\"m\",\"link_text\":\"Read more\",\"link_style\":\"default\",\"css\":\"strong{\\n    color:#C70C0E;\\n}\",\"multiple\":false},\"children\":[{\"type\":\"accordion_item\",\"props\":{\"title\":\"Sur quel <strong>mod\\u00e8le de v\\u00e9hicule<\\\/strong> les \\u00e9l\\u00e8ves conduisent-ils ?\",\"content\":\"\n\n<p><span>Lorem ipsum dolor sit amet, consectetur adipiscing elit, sed do eiusmod tempor incididunt ut labore et dolore magna aliqua. Ut enim ad minim veniam, quis nostrud exercitation ullamco laboris nisi ut aliquip ex ea commodo consequat.<\\\/span><\\\/p>\\n\n\n<ul>\\n\n\n<li><span>Lorem ipsum dolor sit amet, consectetur adipiscing elit, sed do eiusmod tempor incididunt ut labore et dolore magna aliqua. Ut enim ad minim veniam, quis nostrud exercitation ullamco laboris nisi ut aliquip ex ea commodo consequat.<\\\/span><\\\/li>\\n<\\\/ul>\\n\n\n<ul>\\n\n\n<li><span>Lorem ipsum dolor sit amet, consectetur adipiscing elit, sed do eiusmod tempor incididunt ut labore et dolore magna aliqua. Ut enim ad minim veniam, quis nostrud exercitation ullamco laboris nisi ut aliquip ex ea commodo consequat.<\\\/span><\\\/li>\\n<\\\/ul>\"}},{\"type\":\"accordion_item\",\"props\":{\"title\":\"Combien d\\u2019heures faut-il au <strong>minimum<\\\/strong> ?\",\"content\":\"\n\n<p><span>Lorem ipsum dolor sit amet, consectetur adipiscing elit, sed do eiusmod tempor incididunt ut labore et dolore magna aliqua. Ut enim ad minim veniam, quis nostrud exercitation ullamco laboris nisi ut aliquip ex ea commodo consequat.<\\\/span><\\\/p>\\n\n\n<ul>\\n\n\n<li><span>Lorem ipsum dolor sit amet, consectetur adipiscing elit, sed do eiusmod tempor incididunt ut labore et dolore magna aliqua. Ut enim ad minim veniam, quis nostrud exercitation ullamco laboris nisi ut aliquip ex ea commodo consequat.<\\\/span><\\\/li>\\n<\\\/ul>\\n\n\n<ul>\\n\n\n<li><span>Lorem ipsum dolor sit amet, consectetur adipiscing elit, sed do eiusmod tempor incididunt ut labore et dolore magna aliqua. Ut enim ad minim veniam, quis nostrud exercitation ullamco laboris nisi ut aliquip ex ea commodo consequat.<\\\/span><\\\/li>\\n<\\\/ul>\"}},{\"type\":\"accordion_item\",\"props\":{\"title\":\"Que se passe-t-il en cas <strong>d\\u2019annulation<\\\/strong> de la le\\u00e7on ?\",\"content\":\"\n\n<p><span>Lorem ipsum dolor sit amet, consectetur adipiscing elit, sed do eiusmod tempor incididunt ut labore et dolore magna aliqua. Ut enim ad minim veniam, quis nostrud exercitation ullamco laboris nisi ut aliquip ex ea commodo consequat.<\\\/span><\\\/p>\\n\n\n<ul>\\n\n\n<li><span>Lorem ipsum dolor sit amet, consectetur adipiscing elit, sed do eiusmod tempor incididunt ut labore et dolore magna aliqua. Ut enim ad minim veniam, quis nostrud exercitation ullamco laboris nisi ut aliquip ex ea commodo consequat.<\\\/span><\\\/li>\\n<\\\/ul>\\n\n\n<ul>\\n\n\n<li><span>Lorem ipsum dolor sit amet, consectetur adipiscing elit, sed do eiusmod tempor incididunt ut labore et dolore magna aliqua. Ut enim ad minim veniam, quis nostrud exercitation ullamco laboris nisi ut aliquip ex ea commodo consequat.<\\\/span><\\\/li>\\n<\\\/ul>\"}},{\"type\":\"accordion_item\",\"props\":{\"title\":\"Comment conna\\u00eetre le <strong>nombre d\\u2019heures<\\\/strong> n\\u00e9cessaires \\u00e0 l\\u2019apprentissage de la conduite ?\",\"content\":\"\n\n<p><span>Lorem ipsum dolor sit amet, consectetur adipiscing elit, sed do eiusmod tempor incididunt ut labore et dolore magna aliqua. Ut enim ad minim veniam, quis nostrud exercitation ullamco laboris nisi ut aliquip ex ea commodo consequat.<\\\/span><\\\/p>\\n\n\n<ul>\\n\n\n<li><span>Lorem ipsum dolor sit amet, consectetur adipiscing elit, sed do eiusmod tempor incididunt ut labore et dolore magna aliqua. Ut enim ad minim veniam, quis nostrud exercitation ullamco laboris nisi ut aliquip ex ea commodo consequat.<\\\/span><\\\/li>\\n<\\\/ul>\\n\n\n<ul>\\n\n\n<li><span>Lorem ipsum dolor sit amet, consectetur adipiscing elit, sed do eiusmod tempor incididunt ut labore et dolore magna aliqua. Ut enim ad minim veniam, quis nostrud exercitation ullamco laboris nisi ut aliquip ex ea commodo consequat.<\\\/span><\\\/li>\\n<\\\/ul>\"}}]}]}]}]},{\"type\":\"section\",\"props\":{\"style\":\"default\",\"width\":\"default\",\"vertical_align\":\"middle\",\"title_position\":\"top-left\",\"title_rotation\":\"left\",\"title_breakpoint\":\"xl\",\"image_position\":\"center-center\"},\"children\":[{\"type\":\"row\",\"children\":[{\"type\":\"column\",\"props\":{\"position_sticky_breakpoint\":\"m\",\"image_position\":\"center-center\",\"media_overlay_gradient\":\"\"},\"children\":[{\"type\":\"module\",\"props\":{\"menu_style\":\"nav\"}}]}]}]}],\"version\":\"2.7.26\"} --><\/p>\n","protected":false},"excerpt":{"rendered":"<p>Une \u00e9quipe \u00e0 votre \u00e9coute. L\u2019\u00e9quipe est constitu\u00e9 de moniteurs qualifi\u00e9s qui seront l\u00e0 pour vous accompagner tout au long de votre formation. Nous trouverons la formation la plus adapt\u00e9 \u00e0 vos besoin car notre priorit\u00e9 est votre r\u00e9ussite. Bastien Code &#8211; Voiture &#8211; Moto Lucien Voiture &#8211; Remorque Agathe Code &#8211; Voiture Val\u00e9rie Voiture [&hellip;]<\/p>\n","protected":false},"author":1,"featured_media":0,"parent":0,"menu_order":0,"comment_status":"closed","ping_status":"closed","template":"","meta":{"footnotes":""},"class_list":["post-1325","page","type-page","status-publish","hentry"],"acf":[],"_links":{"self":[{"href":"https:\/\/ecole-eccam.clicetcom.fr\/index.php?rest_route=\/wp\/v2\/pages\/1325","targetHints":{"allow":["GET"]}}],"collection":[{"href":"https:\/\/ecole-eccam.clicetcom.fr\/index.php?rest_route=\/wp\/v2\/pages"}],"about":[{"href":"https:\/\/ecole-eccam.clicetcom.fr\/index.php?rest_route=\/wp\/v2\/types\/page"}],"author":[{"embeddable":true,"href":"https:\/\/ecole-eccam.clicetcom.fr\/index.php?rest_route=\/wp\/v2\/users\/1"}],"replies":[{"embeddable":true,"href":"https:\/\/ecole-eccam.clicetcom.fr\/index.php?rest_route=%2Fwp%2Fv2%2Fcomments&post=1325"}],"version-history":[{"count":85,"href":"https:\/\/ecole-eccam.clicetcom.fr\/index.php?rest_route=\/wp\/v2\/pages\/1325\/revisions"}],"predecessor-version":[{"id":1997,"href":"https:\/\/ecole-eccam.clicetcom.fr\/index.php?rest_route=\/wp\/v2\/pages\/1325\/revisions\/1997"}],"wp:attachment":[{"href":"https:\/\/ecole-eccam.clicetcom.fr\/index.php?rest_route=%2Fwp%2Fv2%2Fmedia&parent=1325"}],"curies":[{"name":"wp","href":"https:\/\/api.w.org\/{rel}","templated":true}]}}