{"id":1326,"date":"2022-09-15T11:24:28","date_gmt":"2022-09-15T11:24:28","guid":{"rendered":"https:\/\/ecole-eccam.clicetcom.fr\/?page_id=1326"},"modified":"2022-10-18T14:24:22","modified_gmt":"2022-10-18T14:24:22","slug":"contact","status":"publish","type":"page","link":"https:\/\/ecole-eccam.clicetcom.fr\/?page_id=1326","title":{"rendered":"Contact"},"content":{"rendered":"<p>[mail]<\/p>\n<h1>Contactez-nous<\/h1>\n<p>[home]<\/p>\n<div>\n<p>Le centre<br \/>ECCAM<\/p>\n<\/div>\n<div>Chem. de la Cav\u00e9e, 14120 Mondeville<\/div>\n<p>\n    <a href=\"https:\/\/goo.gl\/maps\/U55amTmN4CfModbNA\">Map<\/a>\n<\/p>\n<p>[receiver]<\/p>\n<div>Par t\u00e9l\u00e9phone<\/div>\n<div>02 31 84 67 80<\/div>\n<p>[mail]<\/p>\n<div>Formulaire<\/div>\n<div>\n<p>Pour plus d&rsquo;informations remplissez notre formulaire en dessous.\u00a0\u00a0<\/p>\n<\/div>\n<p>\n    <a href=\"\/\"><\/a>\n<\/p>\n<div>\n<div role=\"form\" class=\"wpcf7\" id=\"wpcf7-f1998-o1\" lang=\"fr-FR\" dir=\"ltr\">\n<div class=\"screen-reader-response\"><p role=\"status\" aria-live=\"polite\" aria-atomic=\"true\"><\/p> <ul><\/ul><\/div>\n<form action=\"\/index.php?rest_route=%2Fwp%2Fv2%2Fpages%2F1326#wpcf7-f1998-o1\" method=\"post\" class=\"wpcf7-form init\" novalidate=\"novalidate\" data-status=\"init\">\n<div style=\"display: none;\">\n<input type=\"hidden\" name=\"_wpcf7\" value=\"1998\" \/>\n<input type=\"hidden\" name=\"_wpcf7_version\" value=\"5.6.3\" \/>\n<input type=\"hidden\" name=\"_wpcf7_locale\" value=\"fr_FR\" \/>\n<input type=\"hidden\" name=\"_wpcf7_unit_tag\" value=\"wpcf7-f1998-o1\" \/>\n<input type=\"hidden\" name=\"_wpcf7_container_post\" value=\"0\" \/>\n<input type=\"hidden\" name=\"_wpcf7_posted_data_hash\" value=\"\" \/>\n<\/div>\n<div uk-grid>\n<div class=\"uk-text-regular uk-width-1-2\"><span class=\"wpcf7-form-control-wrap\" data-name=\"your-name\"><input type=\"text\" name=\"your-name\" value=\"\" size=\"40\" class=\"wpcf7-form-control wpcf7-text wpcf7-validates-as-required uk-input uk-form-small\" aria-required=\"true\" aria-invalid=\"false\" placeholder=\"Pr\u00e9nom \/ Nom\" \/><\/span><\/div>\n<div class=\"uk-text-regular uk-width-1-2\"><span class=\"wpcf7-form-control-wrap\" data-name=\"your-email\"><input type=\"text\" name=\"your-email\" value=\"\" size=\"40\" class=\"wpcf7-form-control wpcf7-text wpcf7-validates-as-required uk-input uk-form-small\" aria-required=\"true\" aria-invalid=\"false\" placeholder=\"Email\" \/><\/span><\/div>\n<div class=\"uk-text-regular uk-width-1-1\"><span class=\"wpcf7-form-control-wrap\" data-name=\"your-subject\"><input type=\"text\" name=\"your-subject\" value=\"\" size=\"40\" class=\"wpcf7-form-control wpcf7-text wpcf7-validates-as-required uk-input uk-form-small\" aria-required=\"true\" aria-invalid=\"false\" placeholder=\"Sujet\" \/><\/span><\/div>\n<div class=\" uk-text-regular uk-width-1-1 \"><span class=\"wpcf7-form-control-wrap\" data-name=\"your-message\"><textarea name=\"your-message\" cols=\"40\" rows=\"10\" class=\"wpcf7-form-control wpcf7-textarea uk-textarea\" aria-invalid=\"false\">Message<\/textarea><\/span><\/div>\n<div class=\"uk-width-1-1 uk-margin-small\"><input type=\"submit\" value=\"Envoyer\" class=\"wpcf7-form-control has-spinner wpcf7-submit uk-button uk-button-primary uk-align-center\" \/><\/div>\n<\/div>\n<div class=\"wpcf7-response-output\" aria-hidden=\"true\"><\/div><\/form><\/div>\n<\/div>\n<p><!--more--><br \/>\n<!-- {\"type\":\"layout\",\"children\":[{\"type\":\"section\",\"props\":{\"style\":\"default\",\"width\":\"default\",\"vertical_align\":\"middle\",\"title_position\":\"top-left\",\"title_rotation\":\"left\",\"title_breakpoint\":\"xl\",\"image_position\":\"center-center\"},\"children\":[{\"type\":\"row\",\"children\":[{\"type\":\"column\",\"props\":{\"position_sticky_breakpoint\":\"m\",\"image_position\":\"center-center\",\"media_overlay_gradient\":\"\"},\"children\":[{\"type\":\"icon\",\"props\":{\"icon_width\":\"30\",\"margin\":\"default\",\"icon\":\"mail\",\"icon_color\":\"secondary\",\"text_align\":\"center\",\"margin_remove_bottom\":true}},{\"type\":\"headline\",\"props\":{\"title_element\":\"h1\",\"content\":\"Contactez-nous\",\"text_align\":\"center\",\"title_style\":\"heading-small\",\"title_font_family\":\"secondary\",\"title_color\":\"primary\",\"margin_remove_top\":false,\"margin\":\"small\"}}]}]}]},{\"type\":\"section\",\"props\":{\"style\":\"primary\",\"width\":\"default\",\"vertical_align\":\"middle\",\"title_position\":\"top-left\",\"title_rotation\":\"left\",\"title_breakpoint\":\"xl\",\"image_position\":\"center-center\"},\"children\":[{\"type\":\"row\",\"props\":{\"layout\":\"1-3,1-3,1-3\"},\"children\":[{\"type\":\"column\",\"props\":{\"position_sticky_breakpoint\":\"m\",\"image_position\":\"center-center\",\"media_overlay_gradient\":\"\",\"width_medium\":\"1-3\"},\"children\":[{\"type\":\"icon\",\"props\":{\"icon_width\":60,\"margin\":\"default\",\"icon\":\"home\",\"text_align\":\"center\",\"icon_color\":\"secondary\"}},{\"type\":\"headline\",\"props\":{\"title_element\":\"div\",\"content\":\"\n\n<p>Le centre<br \\\/>ECCAM<\\\/p>\",\"text_align\":\"center\",\"title_style\":\"h1\",\"title_font_family\":\"secondary\"}},{\"type\":\"text\",\"props\":{\"margin\":\"default\",\"column_breakpoint\":\"m\",\"content\":\"Chem. de la Cav\\u00e9e, 14120 Mondeville\",\"text_align\":\"center\",\"text_color\":\"secondary\",\"text_size\":\"large\"}},{\"type\":\"button\",\"props\":{\"grid_column_gap\":\"small\",\"grid_row_gap\":\"small\",\"margin\":\"default\",\"text_align\":\"center\"},\"children\":[{\"type\":\"button_item\",\"props\":{\"button_style\":\"danger\",\"icon_align\":\"left\",\"content\":\"Map\",\"link\":\"https:\\\/\\\/goo.gl\\\/maps\\\/U55amTmN4CfModbNA\"}}]}]},{\"type\":\"column\",\"props\":{\"position_sticky_breakpoint\":\"m\",\"image_position\":\"center-center\",\"media_overlay_gradient\":\"\",\"width_medium\":\"1-3\"},\"children\":[{\"type\":\"icon\",\"props\":{\"icon_width\":60,\"margin\":\"default\",\"icon\":\"receiver\",\"text_align\":\"center\",\"icon_color\":\"secondary\"}},{\"type\":\"headline\",\"props\":{\"title_element\":\"div\",\"content\":\"Par t\\u00e9l\\u00e9phone\",\"text_align\":\"center\",\"title_style\":\"h1\",\"title_font_family\":\"secondary\"}},{\"type\":\"text\",\"props\":{\"margin\":\"default\",\"column_breakpoint\":\"m\",\"content\":\"02 31 84 67 80\",\"text_align\":\"center\",\"text_color\":\"secondary\",\"text_size\":\"large\"}}]},{\"type\":\"column\",\"props\":{\"position_sticky_breakpoint\":\"m\",\"image_position\":\"center-center\",\"media_overlay_gradient\":\"\",\"width_medium\":\"1-3\"},\"children\":[{\"type\":\"icon\",\"props\":{\"icon_width\":60,\"margin\":\"default\",\"icon\":\"mail\",\"text_align\":\"center\",\"icon_color\":\"secondary\"}},{\"type\":\"headline\",\"props\":{\"title_element\":\"div\",\"content\":\"Formulaire\",\"text_align\":\"center\",\"title_style\":\"h1\",\"title_font_family\":\"secondary\"}},{\"type\":\"text\",\"props\":{\"margin\":\"default\",\"column_breakpoint\":\"m\",\"content\":\"\n\n<p>Pour plus d'informations remplissez notre formulaire en dessous.\\u00a0\\u00a0<\\\/p>\",\"text_align\":\"center\",\"text_color\":\"secondary\",\"text_size\":\"large\"}},{\"type\":\"button\",\"props\":{\"grid_column_gap\":\"small\",\"grid_row_gap\":\"small\",\"margin\":\"default\",\"text_align\":\"center\"},\"children\":[{\"type\":\"button_item\",\"props\":{\"button_style\":\"danger\",\"icon_align\":\"left\",\"content\":\"\",\"link\":\"\\\/\"}}]}]}]}]},{\"type\":\"section\",\"props\":{\"style\":\"default\",\"width\":\"default\",\"vertical_align\":\"middle\",\"title_position\":\"top-left\",\"title_rotation\":\"left\",\"title_breakpoint\":\"xl\",\"image_position\":\"center-center\"},\"children\":[{\"type\":\"row\",\"children\":[{\"type\":\"column\",\"props\":{\"position_sticky_breakpoint\":\"m\",\"image_position\":\"center-center\",\"media_overlay_gradient\":\"\"},\"children\":[{\"type\":\"text\",\"props\":{\"margin\":\"default\",\"column_breakpoint\":\"m\",\"content\":\"\n\n<p>[contact-form-7 id=\\\"1998\\\" title=\\\"Formulaire de contact 1\\\"]<\\\/p>\"}}]}]}]}],\"version\":\"2.7.26\"} --><\/p>\n","protected":false},"excerpt":{"rendered":"<p>[mail] Contactez-nous [home] Le centreECCAM Chem. de la Cav\u00e9e, 14120 Mondeville Map [receiver] Par t\u00e9l\u00e9phone 02 31 84 67 80 [mail] Formulaire Pour plus d&rsquo;informations remplissez notre formulaire en dessous.\u00a0\u00a0<\/p>\n","protected":false},"author":1,"featured_media":0,"parent":0,"menu_order":0,"comment_status":"closed","ping_status":"closed","template":"","meta":{"footnotes":""},"class_list":["post-1326","page","type-page","status-publish","hentry"],"acf":[],"_links":{"self":[{"href":"https:\/\/ecole-eccam.clicetcom.fr\/index.php?rest_route=\/wp\/v2\/pages\/1326","targetHints":{"allow":["GET"]}}],"collection":[{"href":"https:\/\/ecole-eccam.clicetcom.fr\/index.php?rest_route=\/wp\/v2\/pages"}],"about":[{"href":"https:\/\/ecole-eccam.clicetcom.fr\/index.php?rest_route=\/wp\/v2\/types\/page"}],"author":[{"embeddable":true,"href":"https:\/\/ecole-eccam.clicetcom.fr\/index.php?rest_route=\/wp\/v2\/users\/1"}],"replies":[{"embeddable":true,"href":"https:\/\/ecole-eccam.clicetcom.fr\/index.php?rest_route=%2Fwp%2Fv2%2Fcomments&post=1326"}],"version-history":[{"count":45,"href":"https:\/\/ecole-eccam.clicetcom.fr\/index.php?rest_route=\/wp\/v2\/pages\/1326\/revisions"}],"predecessor-version":[{"id":2000,"href":"https:\/\/ecole-eccam.clicetcom.fr\/index.php?rest_route=\/wp\/v2\/pages\/1326\/revisions\/2000"}],"wp:attachment":[{"href":"https:\/\/ecole-eccam.clicetcom.fr\/index.php?rest_route=%2Fwp%2Fv2%2Fmedia&parent=1326"}],"curies":[{"name":"wp","href":"https:\/\/api.w.org\/{rel}","templated":true}]}}