{"id":1649,"date":"2022-09-16T08:50:02","date_gmt":"2022-09-16T08:50:02","guid":{"rendered":"https:\/\/ecole-eccam.clicetcom.fr\/?page_id=1649"},"modified":"2022-10-18T14:48:13","modified_gmt":"2022-10-18T14:48:13","slug":"resultat-permis-de-conduire","status":"publish","type":"page","link":"https:\/\/ecole-eccam.clicetcom.fr\/?page_id=1649","title":{"rendered":"R\u00e9sultat permis de conduire"},"content":{"rendered":"<h1>\n<p class=\"page-header\">R\u00e9sultat au Permis de Conduire<\/p>\n<\/h1>\n<div>\n<p><span>Votre r\u00e9sultat est disponible entre <strong>2 et 4 jours<\/strong> ouvrables apr\u00e8s le passage de l&rsquo;examen (week-end et jours f\u00e9ri\u00e9s non inclus).<\/span><\/p>\n<p>Si votre r\u00e9sultat est <strong>favorable<\/strong>, votre certificat d&rsquo;examen du permis de conduire (CEPC), accompagn\u00e9 d&rsquo;une pi\u00e8ce d&rsquo;identit\u00e9, tient lieu de permis de conduire pendant 4 mois \u00e0 compter de la date d&rsquo;examen. En cas de contr\u00f4le des forces de l&rsquo;ordre, ce certificat peut-\u00eatre pr\u00e9sent en version papier ou directement sur un smartphone ou une tablette.<\/p>\n<\/div>\n<p>\n    <a href=\"https:\/\/www.securite-routiere.gouv.fr\/resultats-du-permis-de-conduire#\/step-connexion\">Voir mes r\u00e9sultats<\/a>\n<\/p>\n<p><img decoding=\"async\" src=\"\/wp-content\/uploads\/2022\/10\/resultat-permis.png\" alt=\"\"><\/p>\n<div>\n<p><span>Pour conna\u00eetre et t\u00e9l\u00e9charger le r\u00e9sultat de votre examen du permis de conduire, compl\u00e9tez le formulaire ci-dessous. En cas d&rsquo;\u00e9chec d&rsquo;authentification, <strong>2 raisons<\/strong> sont possibles :<\/span><\/p>\n<p><span>. vos identifiants sont peut-\u00eatre <strong>erron\u00e9s<\/strong>.<\/span><br \/><span>. vos r\u00e9sultats ne sont <strong>pas encore disponibles.<\/strong><\/span><\/p>\n<\/div>\n<p><!--more--><br \/>\n<!-- {\"type\":\"layout\",\"children\":[{\"type\":\"section\",\"props\":{\"style\":\"default\",\"width\":\"default\",\"vertical_align\":\"middle\",\"title_position\":\"top-left\",\"title_rotation\":\"left\",\"title_breakpoint\":\"xl\",\"image_position\":\"center-center\"},\"children\":[{\"type\":\"row\",\"children\":[{\"type\":\"column\",\"props\":{\"position_sticky_breakpoint\":\"m\",\"image_position\":\"center-center\",\"media_overlay_gradient\":\"\"},\"children\":[{\"type\":\"headline\",\"props\":{\"title_element\":\"h1\",\"content\":\"\n\n<p class=\\\"page-header\\\">R\\u00e9sultat au Permis de Conduire<\\\/p>\",\"title_font_family\":\"secondary\",\"title_style\":\"h1\"}},{\"type\":\"text\",\"props\":{\"margin\":\"default\",\"column_breakpoint\":\"m\",\"content\":\"\n\n<p><span>Votre r\\u00e9sultat est disponible entre <strong>2 et 4 jours<\\\/strong> ouvrables apr\\u00e8s le passage de l'examen (week-end et jours f\\u00e9ri\\u00e9s non inclus).<\\\/span><\\\/p>\\n\n\n<p>Si votre r\\u00e9sultat est <strong>favorable<\\\/strong>, votre certificat d'examen du permis de conduire (CEPC), accompagn\\u00e9 d'une pi\\u00e8ce d'identit\\u00e9, tient lieu de permis de conduire pendant 4 mois \\u00e0 compter de la date d'examen. En cas de contr\\u00f4le des forces de l'ordre, ce certificat peut-\\u00eatre pr\\u00e9sent en version papier ou directement sur un smartphone ou une tablette.<\\\/p>\"}},{\"type\":\"button\",\"props\":{\"grid_column_gap\":\"small\",\"grid_row_gap\":\"small\",\"margin\":\"default\",\"text_align\":\"center\"},\"children\":[{\"type\":\"button_item\",\"props\":{\"button_style\":\"primary\",\"icon_align\":\"left\",\"content\":\"Voir mes r\\u00e9sultats\",\"link\":\"https:\\\/\\\/www.securite-routiere.gouv.fr\\\/resultats-du-permis-de-conduire#\\\/step-connexion\",\"link_target\":\"blank\"}}]}]}]}]},{\"type\":\"section\",\"props\":{\"style\":\"default\",\"width\":\"default\",\"vertical_align\":\"middle\",\"title_position\":\"top-left\",\"title_rotation\":\"left\",\"title_breakpoint\":\"xl\",\"image_position\":\"top-left\",\"image\":\"\"},\"children\":[{\"type\":\"row\",\"props\":{\"layout\":\"1-2,1-2\"},\"children\":[{\"type\":\"column\",\"props\":{\"position_sticky_breakpoint\":\"m\",\"image_position\":\"center-center\",\"media_overlay_gradient\":\"\",\"width_medium\":\"1-2\"},\"children\":[{\"type\":\"image\",\"props\":{\"margin\":\"default\",\"image_svg_color\":\"emphasis\",\"image\":\"wp-content\\\/uploads\\\/2022\\\/10\\\/resultat-permis.png\"}}]},{\"type\":\"column\",\"props\":{\"position_sticky_breakpoint\":\"m\",\"image_position\":\"center-center\",\"media_overlay_gradient\":\"\",\"width_medium\":\"1-2\",\"vertical_align\":\"middle\"},\"children\":[{\"type\":\"text\",\"props\":{\"margin\":\"default\",\"column_breakpoint\":\"m\",\"content\":\"\n\n<p><span>Pour conna\\u00eetre et t\\u00e9l\\u00e9charger le r\\u00e9sultat de votre examen du permis de conduire, compl\\u00e9tez le formulaire ci-dessous. En cas d'\\u00e9chec d'authentification, <strong>2 raisons<\\\/strong> sont possibles :<\\\/span><\\\/p>\\n\n\n<p><br \\\/><span>. vos identifiants sont peut-\\u00eatre <strong>erron\\u00e9s<\\\/strong>.<\\\/span><br \\\/><span>. vos r\\u00e9sultats ne sont <strong>pas encore disponibles.<\\\/strong><\\\/span><\\\/p>\"}}]}]}]}],\"version\":\"3.0.6\"} --><\/p>\n","protected":false},"excerpt":{"rendered":"<p>R\u00e9sultat au Permis de Conduire Votre r\u00e9sultat est disponible entre 2 et 4 jours ouvrables apr\u00e8s le passage de l&rsquo;examen (week-end et jours f\u00e9ri\u00e9s non inclus). Si votre r\u00e9sultat est favorable, votre certificat d&rsquo;examen du permis de conduire (CEPC), accompagn\u00e9 d&rsquo;une pi\u00e8ce d&rsquo;identit\u00e9, tient lieu de permis de conduire pendant 4 mois \u00e0 compter de [&hellip;]<\/p>\n","protected":false},"author":1,"featured_media":0,"parent":0,"menu_order":0,"comment_status":"closed","ping_status":"closed","template":"","meta":{"footnotes":""},"class_list":["post-1649","page","type-page","status-publish","hentry"],"acf":[],"_links":{"self":[{"href":"https:\/\/ecole-eccam.clicetcom.fr\/index.php?rest_route=\/wp\/v2\/pages\/1649","targetHints":{"allow":["GET"]}}],"collection":[{"href":"https:\/\/ecole-eccam.clicetcom.fr\/index.php?rest_route=\/wp\/v2\/pages"}],"about":[{"href":"https:\/\/ecole-eccam.clicetcom.fr\/index.php?rest_route=\/wp\/v2\/types\/page"}],"author":[{"embeddable":true,"href":"https:\/\/ecole-eccam.clicetcom.fr\/index.php?rest_route=\/wp\/v2\/users\/1"}],"replies":[{"embeddable":true,"href":"https:\/\/ecole-eccam.clicetcom.fr\/index.php?rest_route=%2Fwp%2Fv2%2Fcomments&post=1649"}],"version-history":[{"count":23,"href":"https:\/\/ecole-eccam.clicetcom.fr\/index.php?rest_route=\/wp\/v2\/pages\/1649\/revisions"}],"predecessor-version":[{"id":2008,"href":"https:\/\/ecole-eccam.clicetcom.fr\/index.php?rest_route=\/wp\/v2\/pages\/1649\/revisions\/2008"}],"wp:attachment":[{"href":"https:\/\/ecole-eccam.clicetcom.fr\/index.php?rest_route=%2Fwp%2Fv2%2Fmedia&parent=1649"}],"curies":[{"name":"wp","href":"https:\/\/api.w.org\/{rel}","templated":true}]}}